{"id":22966,"date":"2019-02-28T15:36:46","date_gmt":"2019-02-28T15:36:46","guid":{"rendered":"https:\/\/access.sb\/search-page\/"},"modified":"2019-05-05T20:26:03","modified_gmt":"2019-05-05T20:26:03","slug":"search","status":"publish","type":"page","link":"https:\/\/www.access.sb\/en\/search\/","title":{"rendered":"Search"},"content":{"rendered":"","protected":false},"excerpt":{"rendered":"","protected":false},"author":20,"featured_media":0,"parent":0,"menu_order":0,"comment_status":"closed","ping_status":"closed","template":"views\/template-search.blade.php","meta":[],"class_list":["post-22966","page","type-page","status-publish","hentry"],"yoast_head":"<!-- This site is optimized with the Yoast SEO plugin v26.9 - https:\/\/yoast.com\/product\/yoast-seo-wordpress\/ -->\n<title>Search - Access<\/title>\n<meta name=\"description\" content=\"Search : la r\u00e9f\u00e9rence sur \u00eele de St Barth\u00e9l\u00e9my =&gt; Access\" \/>\n<meta name=\"robots\" content=\"noindex, follow\" \/>\n<meta property=\"og:locale\" content=\"en_US\" \/>\n<meta property=\"og:type\" content=\"article\" \/>\n<meta property=\"og:title\" content=\"Search - Access\" \/>\n<meta property=\"og:description\" content=\"Search : la r\u00e9f\u00e9rence sur \u00eele de St Barth\u00e9l\u00e9my =&gt; Access\" \/>\n<meta property=\"og:url\" content=\"https:\/\/www.access.sb\/en\/search\/\" \/>\n<meta property=\"og:site_name\" content=\"Access\" \/>\n<meta property=\"article:modified_time\" content=\"2019-05-05T20:26:03+00:00\" \/>\n<meta name=\"twitter:card\" content=\"summary_large_image\" \/>\n<script type=\"application\/ld+json\" class=\"yoast-schema-graph\">{\"@context\":\"https:\/\/schema.org\",\"@graph\":[{\"@type\":\"WebPage\",\"@id\":\"https:\/\/www.access.sb\/en\/search\/\",\"url\":\"https:\/\/www.access.sb\/en\/search\/\",\"name\":\"Search - Access\",\"isPartOf\":{\"@id\":\"https:\/\/www.access.sb\/en\/#website\"},\"datePublished\":\"2019-02-28T15:36:46+00:00\",\"dateModified\":\"2019-05-05T20:26:03+00:00\",\"description\":\"Search : la r\u00e9f\u00e9rence sur \u00eele de St Barth\u00e9l\u00e9my => Access\",\"breadcrumb\":{\"@id\":\"https:\/\/www.access.sb\/en\/search\/#breadcrumb\"},\"inLanguage\":\"en-US\",\"potentialAction\":[{\"@type\":\"ReadAction\",\"target\":[\"https:\/\/www.access.sb\/en\/search\/\"]}]},{\"@type\":\"BreadcrumbList\",\"@id\":\"https:\/\/www.access.sb\/en\/search\/#breadcrumb\",\"itemListElement\":[{\"@type\":\"ListItem\",\"position\":1,\"name\":\"Accueil\",\"item\":\"https:\/\/www.access.sb\/en\/home\/\"},{\"@type\":\"ListItem\",\"position\":2,\"name\":\"Search\"}]},{\"@type\":\"WebSite\",\"@id\":\"https:\/\/www.access.sb\/en\/#website\",\"url\":\"https:\/\/www.access.sb\/en\/\",\"name\":\"Access\",\"description\":\"Les meilleures adresses pour des vacances de prestige\",\"potentialAction\":[{\"@type\":\"SearchAction\",\"target\":{\"@type\":\"EntryPoint\",\"urlTemplate\":\"https:\/\/www.access.sb\/en\/?s={search_term_string}\"},\"query-input\":{\"@type\":\"PropertyValueSpecification\",\"valueRequired\":true,\"valueName\":\"search_term_string\"}}],\"inLanguage\":\"en-US\"}]}<\/script>\n<!-- \/ Yoast SEO plugin. -->","yoast_head_json":{"title":"Search - Access","description":"Search : la r\u00e9f\u00e9rence sur \u00eele de St Barth\u00e9l\u00e9my => Access","robots":{"index":"noindex","follow":"follow"},"og_locale":"en_US","og_type":"article","og_title":"Search - Access","og_description":"Search : la r\u00e9f\u00e9rence sur \u00eele de St Barth\u00e9l\u00e9my => Access","og_url":"https:\/\/www.access.sb\/en\/search\/","og_site_name":"Access","article_modified_time":"2019-05-05T20:26:03+00:00","twitter_card":"summary_large_image","schema":{"@context":"https:\/\/schema.org","@graph":[{"@type":"WebPage","@id":"https:\/\/www.access.sb\/en\/search\/","url":"https:\/\/www.access.sb\/en\/search\/","name":"Search - Access","isPartOf":{"@id":"https:\/\/www.access.sb\/en\/#website"},"datePublished":"2019-02-28T15:36:46+00:00","dateModified":"2019-05-05T20:26:03+00:00","description":"Search : la r\u00e9f\u00e9rence sur \u00eele de St Barth\u00e9l\u00e9my => Access","breadcrumb":{"@id":"https:\/\/www.access.sb\/en\/search\/#breadcrumb"},"inLanguage":"en-US","potentialAction":[{"@type":"ReadAction","target":["https:\/\/www.access.sb\/en\/search\/"]}]},{"@type":"BreadcrumbList","@id":"https:\/\/www.access.sb\/en\/search\/#breadcrumb","itemListElement":[{"@type":"ListItem","position":1,"name":"Accueil","item":"https:\/\/www.access.sb\/en\/home\/"},{"@type":"ListItem","position":2,"name":"Search"}]},{"@type":"WebSite","@id":"https:\/\/www.access.sb\/en\/#website","url":"https:\/\/www.access.sb\/en\/","name":"Access","description":"Les meilleures adresses pour des vacances de prestige","potentialAction":[{"@type":"SearchAction","target":{"@type":"EntryPoint","urlTemplate":"https:\/\/www.access.sb\/en\/?s={search_term_string}"},"query-input":{"@type":"PropertyValueSpecification","valueRequired":true,"valueName":"search_term_string"}}],"inLanguage":"en-US"}]}},"_links":{"self":[{"href":"https:\/\/www.access.sb\/en\/wp-json\/wp\/v2\/pages\/22966","targetHints":{"allow":["GET"]}}],"collection":[{"href":"https:\/\/www.access.sb\/en\/wp-json\/wp\/v2\/pages"}],"about":[{"href":"https:\/\/www.access.sb\/en\/wp-json\/wp\/v2\/types\/page"}],"author":[{"embeddable":true,"href":"https:\/\/www.access.sb\/en\/wp-json\/wp\/v2\/users\/20"}],"replies":[{"embeddable":true,"href":"https:\/\/www.access.sb\/en\/wp-json\/wp\/v2\/comments?post=22966"}],"version-history":[{"count":1,"href":"https:\/\/www.access.sb\/en\/wp-json\/wp\/v2\/pages\/22966\/revisions"}],"predecessor-version":[{"id":22968,"href":"https:\/\/www.access.sb\/en\/wp-json\/wp\/v2\/pages\/22966\/revisions\/22968"}],"wp:attachment":[{"href":"https:\/\/www.access.sb\/en\/wp-json\/wp\/v2\/media?parent=22966"}],"curies":[{"name":"wp","href":"https:\/\/api.w.org\/{rel}","templated":true}]}}