{"id":134,"date":"2019-04-18T10:13:15","date_gmt":"2019-04-18T10:13:15","guid":{"rendered":"https:\/\/access.sb\/?page_id=22894"},"modified":"2019-05-17T14:46:21","modified_gmt":"2019-05-17T14:46:21","slug":"nous-contacter","status":"publish","type":"page","link":"https:\/\/www.access.sb\/fr\/nous-contacter\/","title":{"rendered":"Nous contacter"},"content":{"rendered":"","protected":false},"excerpt":{"rendered":"","protected":false},"author":20,"featured_media":0,"parent":0,"menu_order":0,"comment_status":"closed","ping_status":"closed","template":"views\/template-contact-us.blade.php","meta":[],"class_list":["post-134","page","type-page","status-publish","hentry"],"yoast_head":"<!-- This site is optimized with the Yoast SEO plugin v26.9 - https:\/\/yoast.com\/product\/yoast-seo-wordpress\/ -->\n<title>Nous contacter - Access<\/title>\n<meta name=\"description\" content=\"Nous contacter : la r\u00e9f\u00e9rence sur \u00eele de St Barth\u00e9l\u00e9my =&gt; Access\" \/>\n<meta name=\"robots\" content=\"index, follow, max-snippet:-1, max-image-preview:large, max-video-preview:-1\" \/>\n<link rel=\"canonical\" href=\"https:\/\/www.access.sb\/fr\/nous-contacter\/\" \/>\n<meta property=\"og:locale\" content=\"fr_FR\" \/>\n<meta property=\"og:type\" content=\"article\" \/>\n<meta property=\"og:title\" content=\"Nous contacter - Access\" \/>\n<meta property=\"og:description\" content=\"Nous contacter : la r\u00e9f\u00e9rence sur \u00eele de St Barth\u00e9l\u00e9my =&gt; Access\" \/>\n<meta property=\"og:url\" content=\"https:\/\/www.access.sb\/fr\/nous-contacter\/\" \/>\n<meta property=\"og:site_name\" content=\"Access\" \/>\n<meta property=\"article:modified_time\" content=\"2019-05-17T14:46:21+00:00\" \/>\n<meta name=\"twitter:card\" content=\"summary_large_image\" \/>\n<script type=\"application\/ld+json\" class=\"yoast-schema-graph\">{\"@context\":\"https:\/\/schema.org\",\"@graph\":[{\"@type\":\"WebPage\",\"@id\":\"https:\/\/www.access.sb\/fr\/nous-contacter\/\",\"url\":\"https:\/\/www.access.sb\/fr\/nous-contacter\/\",\"name\":\"Nous contacter - Access\",\"isPartOf\":{\"@id\":\"https:\/\/www.access.sb\/fr\/#website\"},\"datePublished\":\"2019-04-18T10:13:15+00:00\",\"dateModified\":\"2019-05-17T14:46:21+00:00\",\"description\":\"Nous contacter : la r\u00e9f\u00e9rence sur \u00eele de St Barth\u00e9l\u00e9my => Access\",\"breadcrumb\":{\"@id\":\"https:\/\/www.access.sb\/fr\/nous-contacter\/#breadcrumb\"},\"inLanguage\":\"fr-FR\",\"potentialAction\":[{\"@type\":\"ReadAction\",\"target\":[\"https:\/\/www.access.sb\/fr\/nous-contacter\/\"]}]},{\"@type\":\"BreadcrumbList\",\"@id\":\"https:\/\/www.access.sb\/fr\/nous-contacter\/#breadcrumb\",\"itemListElement\":[{\"@type\":\"ListItem\",\"position\":1,\"name\":\"Accueil\",\"item\":\"https:\/\/www.access.sb\/fr\/\"},{\"@type\":\"ListItem\",\"position\":2,\"name\":\"Nous contacter\"}]},{\"@type\":\"WebSite\",\"@id\":\"https:\/\/www.access.sb\/fr\/#website\",\"url\":\"https:\/\/www.access.sb\/fr\/\",\"name\":\"Access\",\"description\":\"Les meilleures adresses pour des vacances de prestige\",\"potentialAction\":[{\"@type\":\"SearchAction\",\"target\":{\"@type\":\"EntryPoint\",\"urlTemplate\":\"https:\/\/www.access.sb\/fr\/?s={search_term_string}\"},\"query-input\":{\"@type\":\"PropertyValueSpecification\",\"valueRequired\":true,\"valueName\":\"search_term_string\"}}],\"inLanguage\":\"fr-FR\"}]}<\/script>\n<!-- \/ Yoast SEO plugin. -->","yoast_head_json":{"title":"Nous contacter - Access","description":"Nous contacter : la r\u00e9f\u00e9rence sur \u00eele de St Barth\u00e9l\u00e9my => Access","robots":{"index":"index","follow":"follow","max-snippet":"max-snippet:-1","max-image-preview":"max-image-preview:large","max-video-preview":"max-video-preview:-1"},"canonical":"https:\/\/www.access.sb\/fr\/nous-contacter\/","og_locale":"fr_FR","og_type":"article","og_title":"Nous contacter - Access","og_description":"Nous contacter : la r\u00e9f\u00e9rence sur \u00eele de St Barth\u00e9l\u00e9my => Access","og_url":"https:\/\/www.access.sb\/fr\/nous-contacter\/","og_site_name":"Access","article_modified_time":"2019-05-17T14:46:21+00:00","twitter_card":"summary_large_image","schema":{"@context":"https:\/\/schema.org","@graph":[{"@type":"WebPage","@id":"https:\/\/www.access.sb\/fr\/nous-contacter\/","url":"https:\/\/www.access.sb\/fr\/nous-contacter\/","name":"Nous contacter - Access","isPartOf":{"@id":"https:\/\/www.access.sb\/fr\/#website"},"datePublished":"2019-04-18T10:13:15+00:00","dateModified":"2019-05-17T14:46:21+00:00","description":"Nous contacter : la r\u00e9f\u00e9rence sur \u00eele de St Barth\u00e9l\u00e9my => Access","breadcrumb":{"@id":"https:\/\/www.access.sb\/fr\/nous-contacter\/#breadcrumb"},"inLanguage":"fr-FR","potentialAction":[{"@type":"ReadAction","target":["https:\/\/www.access.sb\/fr\/nous-contacter\/"]}]},{"@type":"BreadcrumbList","@id":"https:\/\/www.access.sb\/fr\/nous-contacter\/#breadcrumb","itemListElement":[{"@type":"ListItem","position":1,"name":"Accueil","item":"https:\/\/www.access.sb\/fr\/"},{"@type":"ListItem","position":2,"name":"Nous contacter"}]},{"@type":"WebSite","@id":"https:\/\/www.access.sb\/fr\/#website","url":"https:\/\/www.access.sb\/fr\/","name":"Access","description":"Les meilleures adresses pour des vacances de prestige","potentialAction":[{"@type":"SearchAction","target":{"@type":"EntryPoint","urlTemplate":"https:\/\/www.access.sb\/fr\/?s={search_term_string}"},"query-input":{"@type":"PropertyValueSpecification","valueRequired":true,"valueName":"search_term_string"}}],"inLanguage":"fr-FR"}]}},"_links":{"self":[{"href":"https:\/\/www.access.sb\/fr\/wp-json\/wp\/v2\/pages\/134","targetHints":{"allow":["GET"]}}],"collection":[{"href":"https:\/\/www.access.sb\/fr\/wp-json\/wp\/v2\/pages"}],"about":[{"href":"https:\/\/www.access.sb\/fr\/wp-json\/wp\/v2\/types\/page"}],"author":[{"embeddable":true,"href":"https:\/\/www.access.sb\/fr\/wp-json\/wp\/v2\/users\/20"}],"replies":[{"embeddable":true,"href":"https:\/\/www.access.sb\/fr\/wp-json\/wp\/v2\/comments?post=134"}],"version-history":[{"count":1,"href":"https:\/\/www.access.sb\/fr\/wp-json\/wp\/v2\/pages\/134\/revisions"}],"predecessor-version":[{"id":82086,"href":"https:\/\/www.access.sb\/fr\/wp-json\/wp\/v2\/pages\/134\/revisions\/82086"}],"wp:attachment":[{"href":"https:\/\/www.access.sb\/fr\/wp-json\/wp\/v2\/media?parent=134"}],"curies":[{"name":"wp","href":"https:\/\/api.w.org\/{rel}","templated":true}]}}